{"id":83,"date":"2022-01-17T13:59:01","date_gmt":"2022-01-17T13:59:01","guid":{"rendered":"https:\/\/marelin.se\/index.php\/home-2\/"},"modified":"2022-02-02T15:18:02","modified_gmt":"2022-02-02T15:18:02","slug":"home-2","status":"publish","type":"page","link":"https:\/\/marelin.se\/","title":{"rendered":"L\u00e5t mig g\u00f6ra en genomlysning av bolaget!"},"content":{"rendered":"\n<p>Best\u00e4ll en genomlysning av ditt bolags immateriella tillg\u00e5ngar s\u00e5 f\u00e5r du en skriftlig rapport om l\u00e4get. Du f\u00e5r upp till 90% av kostnaden \u00e5terbetald! <\/p>\n\n\n\n<p>Kontakta mig f\u00f6r mer information om hur du g\u00e5r tillv\u00e4ga. <\/p>\n\n\n\n<p><\/p>\n","protected":false},"excerpt":{"rendered":"<p>Best\u00e4ll en genomlysning av ditt bolags immateriella tillg\u00e5ngar s\u00e5 f\u00e5r du en skriftlig rapport om l\u00e4get. Du f\u00e5r upp till 90% av kostnaden \u00e5terbetald! Kontakta<\/p>\n","protected":false},"author":1,"featured_media":93,"parent":0,"menu_order":0,"comment_status":"closed","ping_status":"closed","template":"","meta":{"spay_email":"","footnotes":""},"class_list":["post-83","page","type-page","status-publish","has-post-thumbnail","hentry"],"yoast_head":"<!-- This site is optimized with the Yoast SEO plugin v18.0 - https:\/\/yoast.com\/wordpress\/plugins\/seo\/ -->\n<title>L\u00e5t mig g\u00f6ra en genomlysning av bolaget! - Ta hand om dina v\u00e4rden, innan n\u00e5gon annan g\u00f6r det!<\/title>\n<meta name=\"description\" content=\"\u00c4r ni medveten om vilka immateriella tillg\u00e5ngar ni anv\u00e4nder i f\u00f6retaget? Immateriella tillg\u00e5ngar \u00e4r typisk f\u00f6retagets namn, logotyp, produktdesign, dvs det som syns p\u00e5 hemsidan, broschyrena och p\u00e5 fasaden. Men, immateriella tillg\u00e5ngar \u00e4r s\u00e5 mycket mer; know-how, kundlister, marknadsk\u00e4nnedom, ink\u00f6ps- och f\u00f6rs\u00e4ljningsavtal osv. Det \u00e4r inte ovanligt att immateriella tillg\u00e5ngar utg\u00f6r mer \u00e4n 80% av bolagets v\u00e4rde. Med s\u00e5 stora tillg\u00e5ngar \u00e4r det viktigt att man s\u00e4krar att de stannar kvar i f\u00f6retaget. Allra helst skall man anv\u00e4nda sina immateriella tillg\u00e5ngar f\u00f6r att generera v\u00e4rde. Med \u00f6ver 25 \u00e5rs erfarenhet med f\u00f6rvaltning av immateriella tillg\u00e5ngar vill jag hj\u00e4lpa er att identifiera vilka tillg\u00e5ngar ni har, och hur ni best anv\u00e4nder era f\u00f6rtrinn f\u00f6r att \u00f6ka resulatet.\" \/>\n<meta name=\"robots\" content=\"index, follow, max-snippet:-1, max-image-preview:large, max-video-preview:-1\" \/>\n<link rel=\"canonical\" href=\"https:\/\/marelin.se\/\" \/>\n<meta property=\"og:locale\" content=\"sv_SE\" \/>\n<meta property=\"og:type\" content=\"article\" \/>\n<meta property=\"og:title\" content=\"L\u00e5t mig g\u00f6ra en genomlysning av bolaget! - Ta hand om dina v\u00e4rden, innan n\u00e5gon annan g\u00f6r det!\" \/>\n<meta property=\"og:description\" content=\"\u00c4r ni medveten om vilka immateriella tillg\u00e5ngar ni anv\u00e4nder i f\u00f6retaget? Immateriella tillg\u00e5ngar \u00e4r typisk f\u00f6retagets namn, logotyp, produktdesign, dvs det som syns p\u00e5 hemsidan, broschyrena och p\u00e5 fasaden. Men, immateriella tillg\u00e5ngar \u00e4r s\u00e5 mycket mer; know-how, kundlister, marknadsk\u00e4nnedom, ink\u00f6ps- och f\u00f6rs\u00e4ljningsavtal osv. Det \u00e4r inte ovanligt att immateriella tillg\u00e5ngar utg\u00f6r mer \u00e4n 80% av bolagets v\u00e4rde. Med s\u00e5 stora tillg\u00e5ngar \u00e4r det viktigt att man s\u00e4krar att de stannar kvar i f\u00f6retaget. Allra helst skall man anv\u00e4nda sina immateriella tillg\u00e5ngar f\u00f6r att generera v\u00e4rde. Med \u00f6ver 25 \u00e5rs erfarenhet med f\u00f6rvaltning av immateriella tillg\u00e5ngar vill jag hj\u00e4lpa er att identifiera vilka tillg\u00e5ngar ni har, och hur ni best anv\u00e4nder era f\u00f6rtrinn f\u00f6r att \u00f6ka resulatet.\" \/>\n<meta property=\"og:url\" content=\"https:\/\/marelin.se\/\" \/>\n<meta property=\"og:site_name\" content=\"Ta hand om dina v\u00e4rden, innan n\u00e5gon annan g\u00f6r det!\" \/>\n<meta property=\"article:modified_time\" content=\"2022-02-02T15:18:02+00:00\" \/>\n<meta property=\"og:image\" content=\"https:\/\/marelin.se\/wp-content\/uploads\/2022\/01\/Knut-Jensen-MarelinAB-8-191030-Webbanpassad-Foto-Christine-Holm.jpg\" \/>\n\t<meta property=\"og:image:width\" content=\"2048\" \/>\n\t<meta property=\"og:image:height\" content=\"1365\" \/>\n\t<meta property=\"og:image:type\" content=\"image\/jpeg\" \/>\n<meta name=\"twitter:card\" content=\"summary_large_image\" \/>\n<meta name=\"twitter:label1\" content=\"Ber\u00e4knad l\u00e4stid\" \/>\n\t<meta name=\"twitter:data1\" content=\"1 minut\" \/>\n<script type=\"application\/ld+json\" class=\"yoast-schema-graph\">{\"@context\":\"https:\/\/schema.org\",\"@graph\":[{\"@type\":\"WebSite\",\"@id\":\"https:\/\/marelin.se\/#website\",\"url\":\"https:\/\/marelin.se\/\",\"name\":\"Ta hand om dina v\u00e4rden, innan n\u00e5gon annan g\u00f6r det!\",\"description\":\"\",\"potentialAction\":[{\"@type\":\"SearchAction\",\"target\":{\"@type\":\"EntryPoint\",\"urlTemplate\":\"https:\/\/marelin.se\/?s={search_term_string}\"},\"query-input\":\"required name=search_term_string\"}],\"inLanguage\":\"sv-SE\"},{\"@type\":\"ImageObject\",\"@id\":\"https:\/\/marelin.se\/#primaryimage\",\"inLanguage\":\"sv-SE\",\"url\":\"https:\/\/marelin.se\/wp-content\/uploads\/2022\/01\/Knut-Jensen-MarelinAB-8-191030-Webbanpassad-Foto-Christine-Holm-e1643881489404.jpg\",\"contentUrl\":\"https:\/\/marelin.se\/wp-content\/uploads\/2022\/01\/Knut-Jensen-MarelinAB-8-191030-Webbanpassad-Foto-Christine-Holm-e1643881489404.jpg\",\"width\":1598,\"height\":1065},{\"@type\":\"WebPage\",\"@id\":\"https:\/\/marelin.se\/#webpage\",\"url\":\"https:\/\/marelin.se\/\",\"name\":\"L\u00e5t mig g\u00f6ra en genomlysning av bolaget! - Ta hand om dina v\u00e4rden, innan n\u00e5gon annan g\u00f6r det!\",\"isPartOf\":{\"@id\":\"https:\/\/marelin.se\/#website\"},\"primaryImageOfPage\":{\"@id\":\"https:\/\/marelin.se\/#primaryimage\"},\"datePublished\":\"2022-01-17T13:59:01+00:00\",\"dateModified\":\"2022-02-02T15:18:02+00:00\",\"description\":\"\u00c4r ni medveten om vilka immateriella tillg\u00e5ngar ni anv\u00e4nder i f\u00f6retaget? Immateriella tillg\u00e5ngar \u00e4r typisk f\u00f6retagets namn, logotyp, produktdesign, dvs det som syns p\u00e5 hemsidan, broschyrena och p\u00e5 fasaden. Men, immateriella tillg\u00e5ngar \u00e4r s\u00e5 mycket mer; know-how, kundlister, marknadsk\u00e4nnedom, ink\u00f6ps- och f\u00f6rs\u00e4ljningsavtal osv. Det \u00e4r inte ovanligt att immateriella tillg\u00e5ngar utg\u00f6r mer \u00e4n 80% av bolagets v\u00e4rde. Med s\u00e5 stora tillg\u00e5ngar \u00e4r det viktigt att man s\u00e4krar att de stannar kvar i f\u00f6retaget. Allra helst skall man anv\u00e4nda sina immateriella tillg\u00e5ngar f\u00f6r att generera v\u00e4rde. Med \u00f6ver 25 \u00e5rs erfarenhet med f\u00f6rvaltning av immateriella tillg\u00e5ngar vill jag hj\u00e4lpa er att identifiera vilka tillg\u00e5ngar ni har, och hur ni best anv\u00e4nder era f\u00f6rtrinn f\u00f6r att \u00f6ka resulatet.\",\"breadcrumb\":{\"@id\":\"https:\/\/marelin.se\/#breadcrumb\"},\"inLanguage\":\"sv-SE\",\"potentialAction\":[{\"@type\":\"ReadAction\",\"target\":[\"https:\/\/marelin.se\/\"]}]},{\"@type\":\"BreadcrumbList\",\"@id\":\"https:\/\/marelin.se\/#breadcrumb\",\"itemListElement\":[{\"@type\":\"ListItem\",\"position\":1,\"name\":\"Hem\",\"item\":\"https:\/\/marelin.se\/\"},{\"@type\":\"ListItem\",\"position\":2,\"name\":\"L\u00e5t mig g\u00f6ra en genomlysning av bolaget!\"}]}]}<\/script>\n<!-- \/ Yoast SEO plugin. -->","yoast_head_json":{"title":"L\u00e5t mig g\u00f6ra en genomlysning av bolaget! - Ta hand om dina v\u00e4rden, innan n\u00e5gon annan g\u00f6r det!","description":"\u00c4r ni medveten om vilka immateriella tillg\u00e5ngar ni anv\u00e4nder i f\u00f6retaget? Immateriella tillg\u00e5ngar \u00e4r typisk f\u00f6retagets namn, logotyp, produktdesign, dvs det som syns p\u00e5 hemsidan, broschyrena och p\u00e5 fasaden. Men, immateriella tillg\u00e5ngar \u00e4r s\u00e5 mycket mer; know-how, kundlister, marknadsk\u00e4nnedom, ink\u00f6ps- och f\u00f6rs\u00e4ljningsavtal osv. Det \u00e4r inte ovanligt att immateriella tillg\u00e5ngar utg\u00f6r mer \u00e4n 80% av bolagets v\u00e4rde. Med s\u00e5 stora tillg\u00e5ngar \u00e4r det viktigt att man s\u00e4krar att de stannar kvar i f\u00f6retaget. Allra helst skall man anv\u00e4nda sina immateriella tillg\u00e5ngar f\u00f6r att generera v\u00e4rde. Med \u00f6ver 25 \u00e5rs erfarenhet med f\u00f6rvaltning av immateriella tillg\u00e5ngar vill jag hj\u00e4lpa er att identifiera vilka tillg\u00e5ngar ni har, och hur ni best anv\u00e4nder era f\u00f6rtrinn f\u00f6r att \u00f6ka resulatet.","robots":{"index":"index","follow":"follow","max-snippet":"max-snippet:-1","max-image-preview":"max-image-preview:large","max-video-preview":"max-video-preview:-1"},"canonical":"https:\/\/marelin.se\/","og_locale":"sv_SE","og_type":"article","og_title":"L\u00e5t mig g\u00f6ra en genomlysning av bolaget! - Ta hand om dina v\u00e4rden, innan n\u00e5gon annan g\u00f6r det!","og_description":"\u00c4r ni medveten om vilka immateriella tillg\u00e5ngar ni anv\u00e4nder i f\u00f6retaget? Immateriella tillg\u00e5ngar \u00e4r typisk f\u00f6retagets namn, logotyp, produktdesign, dvs det som syns p\u00e5 hemsidan, broschyrena och p\u00e5 fasaden. Men, immateriella tillg\u00e5ngar \u00e4r s\u00e5 mycket mer; know-how, kundlister, marknadsk\u00e4nnedom, ink\u00f6ps- och f\u00f6rs\u00e4ljningsavtal osv. Det \u00e4r inte ovanligt att immateriella tillg\u00e5ngar utg\u00f6r mer \u00e4n 80% av bolagets v\u00e4rde. Med s\u00e5 stora tillg\u00e5ngar \u00e4r det viktigt att man s\u00e4krar att de stannar kvar i f\u00f6retaget. Allra helst skall man anv\u00e4nda sina immateriella tillg\u00e5ngar f\u00f6r att generera v\u00e4rde. Med \u00f6ver 25 \u00e5rs erfarenhet med f\u00f6rvaltning av immateriella tillg\u00e5ngar vill jag hj\u00e4lpa er att identifiera vilka tillg\u00e5ngar ni har, och hur ni best anv\u00e4nder era f\u00f6rtrinn f\u00f6r att \u00f6ka resulatet.","og_url":"https:\/\/marelin.se\/","og_site_name":"Ta hand om dina v\u00e4rden, innan n\u00e5gon annan g\u00f6r det!","article_modified_time":"2022-02-02T15:18:02+00:00","og_image":[{"width":2048,"height":1365,"url":"https:\/\/marelin.se\/wp-content\/uploads\/2022\/01\/Knut-Jensen-MarelinAB-8-191030-Webbanpassad-Foto-Christine-Holm.jpg","type":"image\/jpeg"}],"twitter_card":"summary_large_image","twitter_misc":{"Ber\u00e4knad l\u00e4stid":"1 minut"},"schema":{"@context":"https:\/\/schema.org","@graph":[{"@type":"WebSite","@id":"https:\/\/marelin.se\/#website","url":"https:\/\/marelin.se\/","name":"Ta hand om dina v\u00e4rden, innan n\u00e5gon annan g\u00f6r det!","description":"","potentialAction":[{"@type":"SearchAction","target":{"@type":"EntryPoint","urlTemplate":"https:\/\/marelin.se\/?s={search_term_string}"},"query-input":"required name=search_term_string"}],"inLanguage":"sv-SE"},{"@type":"ImageObject","@id":"https:\/\/marelin.se\/#primaryimage","inLanguage":"sv-SE","url":"https:\/\/marelin.se\/wp-content\/uploads\/2022\/01\/Knut-Jensen-MarelinAB-8-191030-Webbanpassad-Foto-Christine-Holm-e1643881489404.jpg","contentUrl":"https:\/\/marelin.se\/wp-content\/uploads\/2022\/01\/Knut-Jensen-MarelinAB-8-191030-Webbanpassad-Foto-Christine-Holm-e1643881489404.jpg","width":1598,"height":1065},{"@type":"WebPage","@id":"https:\/\/marelin.se\/#webpage","url":"https:\/\/marelin.se\/","name":"L\u00e5t mig g\u00f6ra en genomlysning av bolaget! - Ta hand om dina v\u00e4rden, innan n\u00e5gon annan g\u00f6r det!","isPartOf":{"@id":"https:\/\/marelin.se\/#website"},"primaryImageOfPage":{"@id":"https:\/\/marelin.se\/#primaryimage"},"datePublished":"2022-01-17T13:59:01+00:00","dateModified":"2022-02-02T15:18:02+00:00","description":"\u00c4r ni medveten om vilka immateriella tillg\u00e5ngar ni anv\u00e4nder i f\u00f6retaget? Immateriella tillg\u00e5ngar \u00e4r typisk f\u00f6retagets namn, logotyp, produktdesign, dvs det som syns p\u00e5 hemsidan, broschyrena och p\u00e5 fasaden. Men, immateriella tillg\u00e5ngar \u00e4r s\u00e5 mycket mer; know-how, kundlister, marknadsk\u00e4nnedom, ink\u00f6ps- och f\u00f6rs\u00e4ljningsavtal osv. Det \u00e4r inte ovanligt att immateriella tillg\u00e5ngar utg\u00f6r mer \u00e4n 80% av bolagets v\u00e4rde. Med s\u00e5 stora tillg\u00e5ngar \u00e4r det viktigt att man s\u00e4krar att de stannar kvar i f\u00f6retaget. Allra helst skall man anv\u00e4nda sina immateriella tillg\u00e5ngar f\u00f6r att generera v\u00e4rde. Med \u00f6ver 25 \u00e5rs erfarenhet med f\u00f6rvaltning av immateriella tillg\u00e5ngar vill jag hj\u00e4lpa er att identifiera vilka tillg\u00e5ngar ni har, och hur ni best anv\u00e4nder era f\u00f6rtrinn f\u00f6r att \u00f6ka resulatet.","breadcrumb":{"@id":"https:\/\/marelin.se\/#breadcrumb"},"inLanguage":"sv-SE","potentialAction":[{"@type":"ReadAction","target":["https:\/\/marelin.se\/"]}]},{"@type":"BreadcrumbList","@id":"https:\/\/marelin.se\/#breadcrumb","itemListElement":[{"@type":"ListItem","position":1,"name":"Hem","item":"https:\/\/marelin.se\/"},{"@type":"ListItem","position":2,"name":"L\u00e5t mig g\u00f6ra en genomlysning av bolaget!"}]}]}},"_links":{"self":[{"href":"https:\/\/marelin.se\/index.php\/wp-json\/wp\/v2\/pages\/83","targetHints":{"allow":["GET"]}}],"collection":[{"href":"https:\/\/marelin.se\/index.php\/wp-json\/wp\/v2\/pages"}],"about":[{"href":"https:\/\/marelin.se\/index.php\/wp-json\/wp\/v2\/types\/page"}],"author":[{"embeddable":true,"href":"https:\/\/marelin.se\/index.php\/wp-json\/wp\/v2\/users\/1"}],"replies":[{"embeddable":true,"href":"https:\/\/marelin.se\/index.php\/wp-json\/wp\/v2\/comments?post=83"}],"version-history":[{"count":2,"href":"https:\/\/marelin.se\/index.php\/wp-json\/wp\/v2\/pages\/83\/revisions"}],"predecessor-version":[{"id":103,"href":"https:\/\/marelin.se\/index.php\/wp-json\/wp\/v2\/pages\/83\/revisions\/103"}],"wp:featuredmedia":[{"embeddable":true,"href":"https:\/\/marelin.se\/index.php\/wp-json\/wp\/v2\/media\/93"}],"wp:attachment":[{"href":"https:\/\/marelin.se\/index.php\/wp-json\/wp\/v2\/media?parent=83"}],"curies":[{"name":"wp","href":"https:\/\/api.w.org\/{rel}","templated":true}]}}